{"id":113,"date":"2014-05-15T09:40:46","date_gmt":"2014-05-15T13:40:46","guid":{"rendered":"http:\/\/www.dev.fodq.ca\/nous-joindre-2"},"modified":"2025-05-23T13:41:49","modified_gmt":"2025-05-23T13:41:49","slug":"contact","status":"publish","type":"page","link":"https:\/\/fodq.ca\/en\/contact","title":{"rendered":"Contact us"},"content":{"rendered":"\n<p><strong>CONTACT US<\/strong><\/p>\n\n\n\n<p><strong>Fondation de l\u2019Ordre des dentistes du Qu\u00e9bec<\/strong><br>800, boulevard Ren\u00e9-L\u00e9vesque Ouest, bureau 1640<br>Montr\u00e9al (Qu\u00e9bec) H3B 1X9<\/p>\n\n\n\n<p><strong>Telephone <\/strong>:&nbsp;(514) 875-2266&nbsp;<\/p>\n\n\n\n<p><strong>E-mail:<\/strong> fondation@fodq.ca<\/p>\n\n\n\n<p><strong>Information acces responsible:\u00a0<\/strong> <strong>Email:<\/strong> responsable@fodq.ca<\/p>\n\n\n\n<p><strong>Charity registration numbers :<\/strong> 89249 5748 RR 0001<\/p>\n\n\n\n<p><\/p>\n\n\n\n<pre id=\"tw-target-text\" class=\"wp-block-preformatted\"><\/pre>\n","protected":false},"excerpt":{"rendered":"<p>CONTACT US Fondation de l\u2019Ordre des dentistes du Qu\u00e9bec800, boulevard Ren\u00e9-L\u00e9vesque Ouest, bureau 1640Montr\u00e9al (Qu\u00e9bec) H3B 1X9 Telephone :&nbsp;(514) 875-2266&nbsp; E-mail: fondation@fodq.ca Information acces responsible:\u00a0 Email: responsable@fodq.ca Charity registration numbers : 89249 5748 RR 0001<\/p>\n","protected":false},"author":1,"featured_media":0,"parent":0,"menu_order":7,"comment_status":"open","ping_status":"closed","template":"","meta":{"footnotes":""},"class_list":["post-113","page","type-page","status-publish","hentry"],"_links":{"self":[{"href":"https:\/\/fodq.ca\/en\/wp-json\/wp\/v2\/pages\/113","targetHints":{"allow":["GET"]}}],"collection":[{"href":"https:\/\/fodq.ca\/en\/wp-json\/wp\/v2\/pages"}],"about":[{"href":"https:\/\/fodq.ca\/en\/wp-json\/wp\/v2\/types\/page"}],"author":[{"embeddable":true,"href":"https:\/\/fodq.ca\/en\/wp-json\/wp\/v2\/users\/1"}],"replies":[{"embeddable":true,"href":"https:\/\/fodq.ca\/en\/wp-json\/wp\/v2\/comments?post=113"}],"version-history":[{"count":14,"href":"https:\/\/fodq.ca\/en\/wp-json\/wp\/v2\/pages\/113\/revisions"}],"predecessor-version":[{"id":1590,"href":"https:\/\/fodq.ca\/en\/wp-json\/wp\/v2\/pages\/113\/revisions\/1590"}],"wp:attachment":[{"href":"https:\/\/fodq.ca\/en\/wp-json\/wp\/v2\/media?parent=113"}],"curies":[{"name":"wp","href":"https:\/\/api.w.org\/{rel}","templated":true}]}}