{"id":105,"date":"2014-05-15T09:39:55","date_gmt":"2014-05-15T13:39:55","guid":{"rendered":"http:\/\/www.dev.fodq.ca\/bourses-et-subventions-2"},"modified":"2018-06-14T14:48:33","modified_gmt":"2018-06-14T18:48:33","slug":"scholarship-and-grants","status":"publish","type":"page","link":"https:\/\/fodq.ca\/en\/scholarship-and-grants","title":{"rendered":"Scholarships and grants"},"content":{"rendered":"<p>The Fondation de l&#8217;Ordre des dentistes du Qu\u00e9bec is proud to offer scholarships and grants to:<\/p>\n<blockquote><p>SUPPORT the three provincial dental Faculties, for programs that contribute to improve access to dental care for the vulnerable people.<\/p><\/blockquote>\n<blockquote><p>ENCOURAGE the development and the pursuit of projects that improve access to dental care for the most vulnerable.<\/p><\/blockquote>\n<blockquote><p>PROMOTE social engagement among dental students.<\/p><\/blockquote>\n<blockquote><p>IN COLLABORATION with the R\u00e9seau de recherche en sant\u00e9 buccodentaire du Qu\u00e9bec and the Fonds de recherche du Qu\u00e9bec en sant\u00e9, support research that aims to improve access to dental care for the most vulnerable sectors of the population.<\/p><\/blockquote>\n","protected":false},"excerpt":{"rendered":"<p>The Fondation de l&#8217;Ordre des dentistes du Qu\u00e9bec is proud to offer scholarships and grants to: SUPPORT the three provincial dental Faculties, for programs that contribute to improve access to dental care for the vulnerable people. ENCOURAGE the development and the pursuit of projects that improve access to dental care for the most vulnerable. PROMOTE [&hellip;]<\/p>\n","protected":false},"author":1,"featured_media":0,"parent":0,"menu_order":4,"comment_status":"open","ping_status":"closed","template":"bourse.php","meta":{"footnotes":""},"class_list":["post-105","page","type-page","status-publish","hentry"],"_links":{"self":[{"href":"https:\/\/fodq.ca\/en\/wp-json\/wp\/v2\/pages\/105","targetHints":{"allow":["GET"]}}],"collection":[{"href":"https:\/\/fodq.ca\/en\/wp-json\/wp\/v2\/pages"}],"about":[{"href":"https:\/\/fodq.ca\/en\/wp-json\/wp\/v2\/types\/page"}],"author":[{"embeddable":true,"href":"https:\/\/fodq.ca\/en\/wp-json\/wp\/v2\/users\/1"}],"replies":[{"embeddable":true,"href":"https:\/\/fodq.ca\/en\/wp-json\/wp\/v2\/comments?post=105"}],"version-history":[{"count":10,"href":"https:\/\/fodq.ca\/en\/wp-json\/wp\/v2\/pages\/105\/revisions"}],"predecessor-version":[{"id":912,"href":"https:\/\/fodq.ca\/en\/wp-json\/wp\/v2\/pages\/105\/revisions\/912"}],"wp:attachment":[{"href":"https:\/\/fodq.ca\/en\/wp-json\/wp\/v2\/media?parent=105"}],"curies":[{"name":"wp","href":"https:\/\/api.w.org\/{rel}","templated":true}]}}